{"id":12650,"date":"2024-06-10T14:51:39","date_gmt":"2024-06-10T12:51:39","guid":{"rendered":"https:\/\/aispja.com\/aubervilliers\/?page_id=12650"},"modified":"2025-08-20T15:59:13","modified_gmt":"2025-08-20T13:59:13","slug":"politique-de-confidentialite","status":"publish","type":"page","link":"https:\/\/aispja.com\/aubervilliers\/politique-de-confidentialite\/","title":{"rendered":"Politique de Confidentialit\u00e9"},"content":{"rendered":"<p>[et_pb_section fb_built=\u00a0\u00bb1&Prime; _builder_version=\u00a0\u00bb4.24.3&Prime; _module_preset=\u00a0\u00bbdefault\u00a0\u00bb da_disable_devices=\u00a0\u00bboff|off|off\u00a0\u00bb global_colors_info=\u00a0\u00bb{}\u00a0\u00bb da_is_popup=\u00a0\u00bboff\u00a0\u00bb da_exit_intent=\u00a0\u00bboff\u00a0\u00bb da_has_close=\u00a0\u00bbon\u00a0\u00bb da_alt_close=\u00a0\u00bboff\u00a0\u00bb da_dark_close=\u00a0\u00bboff\u00a0\u00bb da_not_modal=\u00a0\u00bbon\u00a0\u00bb da_is_singular=\u00a0\u00bboff\u00a0\u00bb da_with_loader=\u00a0\u00bboff\u00a0\u00bb da_has_shadow=\u00a0\u00bbon\u00a0\u00bb][et_pb_row _builder_version=\u00a0\u00bb4.24.3&Prime; _module_preset=\u00a0\u00bbdefault\u00a0\u00bb global_colors_info=\u00a0\u00bb{}\u00a0\u00bb][et_pb_column type=\u00a0\u00bb4_4&Prime; _builder_version=\u00a0\u00bb4.24.3&Prime; _module_preset=\u00a0\u00bbdefault\u00a0\u00bb global_colors_info=\u00a0\u00bb{}\u00a0\u00bb][et_pb_text _builder_version=\u00a0\u00bb4.24.3&Prime; _module_preset=\u00a0\u00bbdefault\u00a0\u00bb global_colors_info=\u00a0\u00bb{}\u00a0\u00bb]<\/p>\n<h1>Politique de confidentialit\u00e9<\/h1>\n<p>&nbsp;<\/p>\n<p>&nbsp;<\/p>\n<p>L&rsquo;association AISPJA, soucieuse des droits des individus, notamment au regard des traitements automatis\u00e9s et dans une volont\u00e9 de transparence, a mis en place une politique reprenant l\u2019ensemble de ces traitements, des finalit\u00e9s poursuivies par ces derniers ainsi que des moyens d\u2019actions \u00e0 la disposition des individus afin qu\u2019ils puissent au mieux exercer leurs droits.<\/p>\n<p>Pour toute information compl\u00e9mentaire sur la protection des donn\u00e9es personnelles, nous vous invitons \u00e0 consulter le site : <a href=\"https:\/\/www.cnil.fr\/\">https:\/\/www.cnil.fr\/<\/a><\/p>\n<p>La poursuite de la navigation sur ce site vaut acceptation sans r\u00e9serve des dispositions et conditions d&rsquo;utilisation qui suivent. La version actuellement en ligne de ces conditions d&rsquo;utilisation est la seule opposable pendant toute la dur\u00e9e d&rsquo;utilisation du site et jusqu&rsquo;\u00e0 ce qu&rsquo;une nouvelle version la remplace.<\/p>\n<h2>Article 1 &#8211; Acc\u00e8s au site<\/h2>\n<p>L&rsquo;acc\u00e8s au site et son utilisation sont r\u00e9serv\u00e9s \u00e0 un usage strictement personnel. Vous vous engagez \u00e0 ne pas utiliser ce site et les informations ou donn\u00e9es qui y figurent \u00e0 des fins commerciales, politiques, publicitaires et pour toute forme de sollicitation commerciale et notamment l&rsquo;envoi de courriers \u00e9lectroniques non sollicit\u00e9s.<\/p>\n<h2>Article 2 &#8211; Contenu du site<\/h2>\n<p>Toutes les marques, photographies, textes, commentaires, illustrations, images anim\u00e9es ou non, s\u00e9quences vid\u00e9o, sons, ainsi que toutes les applications informatiques qui pourraient \u00eatre utilis\u00e9es pour faire fonctionner ce site et plus g\u00e9n\u00e9ralement tous les \u00e9l\u00e9ments reproduits ou utilis\u00e9s sur le site sont prot\u00e9g\u00e9s par les lois en vigueur au titre de la propri\u00e9t\u00e9 intellectuelle.<\/p>\n<p>Ils sont la propri\u00e9t\u00e9 pleine et enti\u00e8re de l&rsquo;\u00e9diteur ou de ses partenaires. Toute reproduction, repr\u00e9sentation, utilisation ou adaptation, sous quelque forme que ce soit, de tout ou partie de ces \u00e9l\u00e9ments, y compris les applications informatiques, sans l&rsquo;accord pr\u00e9alable et \u00e9crit de l&rsquo;\u00e9diteur, sont strictement interdites. Le fait pour l&rsquo;\u00e9diteur de ne pas engager de proc\u00e9dure d\u00e8s la prise de connaissance de ces utilisations non autoris\u00e9es ne vaut pas acceptation desdites utilisations et renonciation aux poursuites.<\/p>\n<h2>Article 3 &#8211; Gestion du site<\/h2>\n<p>Pour la bonne gestion du site, l&rsquo;\u00e9diteur pourra \u00e0 tout moment :<br \/>\u25cf suspendre, interrompre ou limiter l&rsquo;acc\u00e8s \u00e0 tout ou partie du site, r\u00e9server l&rsquo;acc\u00e8s au site,<br \/>ou \u00e0 certaines parties du site, \u00e0 une cat\u00e9gorie d\u00e9termin\u00e9e d&rsquo;internautes ;<br \/>\u25cf supprimer toute information pouvant en perturber le fonctionnement ou entrant en contravention avec les lois nationales ou internationales ;<br \/>\u25cf suspendre le site afin de proc\u00e9der \u00e0 des mises \u00e0 jour.<\/p>\n<h2>Article 4 &#8211; Responsabilit\u00e9s<\/h2>\n<p>La responsabilit\u00e9 de l&rsquo;\u00e9diteur ne peut \u00eatre engag\u00e9e en cas de d\u00e9faillance, panne, difficult\u00e9 ou interruption de fonctionnement, emp\u00eachant l&rsquo;acc\u00e8s au site ou \u00e0 une de ses fonctionnalit\u00e9s.<\/p>\n<p>Le mat\u00e9riel de connexion au site que vous utilisez est sous votre enti\u00e8re responsabilit\u00e9. Vous devez prendre toutes les mesures appropri\u00e9es pour prot\u00e9ger votre mat\u00e9riel et vos propres donn\u00e9es, notamment d&rsquo;attaques virales par Internet. Vous \u00eates par ailleurs seul responsable des sites et donn\u00e9es que vous consultez.<\/p>\n<p>L&rsquo;\u00e9diteur ne pourra \u00eatre tenu responsable en cas de poursuites judiciaires \u00e0 votre encontre :<br \/>\u25cf du fait de l&rsquo;usage du site ou de tout service accessible via Internet ;<br \/>\u25cf du fait du non-respect par vous des pr\u00e9sentes conditions g\u00e9n\u00e9rales.<\/p>\n<p>L&rsquo;\u00e9diteur n&rsquo;est pas responsable des dommages caus\u00e9s \u00e0 vous-m\u00eame, \u00e0 des tiers et\/ou \u00e0 votre \u00e9quipement du fait de votre connexion ou de votre utilisation du site et vous renoncez \u00e0 toute action contre lui de ce fait. Si l&rsquo;\u00e9diteur venait \u00e0 faire l&rsquo;objet d&rsquo;une proc\u00e9dure amiable ou judiciaire en raison de votre utilisation du site, il pourra se retourner contre vous pour obtenir l&rsquo;indemnisation de tous les pr\u00e9judices, sommes, condamnations et frais qui pourraient d\u00e9couler de cette proc\u00e9dure.<\/p>\n<h2>Article 5 &#8211; Liens hypertextes<\/h2>\n<p>La mise en place par les utilisateurs de tous liens hypertextes vers tout ou partie du site est autoris\u00e9e par l&rsquo;\u00e9diteur. Tout lien devra \u00eatre retir\u00e9 sur simple demande de l&rsquo;\u00e9diteur. Toute information accessible via un lien vers d&rsquo;autres sites n&rsquo;est pas publi\u00e9e par l&rsquo;\u00e9diteur. L&rsquo;\u00e9diteur ne dispose d&rsquo;aucun droit sur le contenu pr\u00e9sent dans ledit lien. Nous d\u00e9clinons toute responsabilit\u00e9 quant au contenu de ces sites.<\/p>\n<h2>Article 6 &#8211; Collecte et protection des donn\u00e9es<\/h2>\n<p>Le site <a href=\"https:\/\/aispja-ml.org\/\">https:\/\/aispja-ml.org\/<\/a>, tel qu\u2019il a \u00e9t\u00e9 initialement con\u00e7u, n\u2019a pas pour vocation de collecter de donn\u00e9es personnelles sur ses visiteurs. Il est toutefois amen\u00e9 \u00e0 le faire, notamment pour r\u00e9pondre \u00e0 des questions directement pos\u00e9es via le formulaire de demande d\u2019informations, ou pour traiter les informations li\u00e9es aux demandes en ligne effectu\u00e9es par les internautes par le biais des formulaires mis \u00e0 sa disposition.<\/p>\n<p>Le d\u00e9l\u00e9gu\u00e9 \u00e0 la protection des donn\u00e9es : HOUNDJO S\u00e8massa, <a href=\"mailto:s.houndjo@aispja-ml.org\">s.houndjo@aispja-ml.org<\/a> , est \u00e0 votre disposition pour toute question relative \u00e0 la protection de vos donn\u00e9es personnelles.<\/p>\n<h2>Article 7 &#8211; Utilisation des donn\u00e9es<\/h2>\n<p>En application de la r\u00e9glementation applicable aux donn\u00e9es \u00e0 caract\u00e8re personnel, les utilisateurs disposent des droits suivants (droit d\u2019acc\u00e8s, droit de rectification, droit \u00e0 l\u2019oubli, droit de s\u2019opposer \u00e0 toute collecte de donn\u00e9es).<\/p>\n<p>Vous pouvez exercer ce droit en nous contactant, \u00e0 l\u2019adresse suivante : <br \/>62, avenue de la R\u00e9publique 93300 Aubervilliers<\/p>\n<p>ou par email, \u00e0 l\u2019adresse :<br \/><a href=\"mailto:contact@aispja-ml.org\">contact@aispja-ml.org<\/a><\/p>\n<p>Vous pouvez aussi vous adresser \u00e0 notre DPO : HOUNDJO S\u00e8massa,<br \/><a href=\"mailto:s.houndjo@aispja-ml.org\">s.houndjo@aispja-ml.org<\/a>, qui est \u00e0 votre disposition pour toute question relative \u00e0 la protection de vos donn\u00e9es personnelles.<\/p>\n<p>Les utilisateurs peuvent aussi introduire une r\u00e9clamation aupr\u00e8s de la CNIL sur le site de la CNIL : <a href=\"https:\/\/www.cnil.fr\">https:\/\/www.cnil.fr.<\/a><\/p>\n<p>Nous vous recommandons de nous contacter dans un premier temps avant de d\u00e9poser une r\u00e9clamation aupr\u00e8s de la CNIL, car nous sommes \u00e0 votre enti\u00e8re disposition pour r\u00e9gler votre probl\u00e8me.<\/p>\n<p>Les donn\u00e9es personnelles collect\u00e9es aupr\u00e8s des utilisateurs ont pour objectif la mise \u00e0 disposition des services sur le site web, leur am\u00e9lioration et le maintien d&rsquo;un environnement s\u00e9curis\u00e9. La base l\u00e9gale des traitements est l\u2019ex\u00e9cution du contrat entre l\u2019utilisateur et l\u2019AISPJA.<\/p>\n<h2>Article 8 &#8211; Cookies<\/h2>\n<p>Le site peut collecter automatiquement des informations standards. Toutes les informations collect\u00e9es indirectement ne seront utilis\u00e9es que pour suivre le volume, le type et la configuration du trafic utilisant ce site, pour en d\u00e9velopper la conception et l&rsquo;agencement et \u00e0 d&rsquo;autres fins administratives et de planification et plus g\u00e9n\u00e9ralement pour am\u00e9liorer le service que nous vous offrons.<\/p>\n<p>Vous pouvez consulter notre politique de cookies d\u00e9taill\u00e9e en cliquant sur ce lien : <a href=\"https:\/\/aispja.com\/politique-de-cookies-ue\/\">https:\/\/aispja.com\/politique-de-cookies-ue\/<\/a><\/p>\n<p>Le cas \u00e9ch\u00e9ant, des \u00ab cookies \u00bb \u00e9manant de l&rsquo;\u00e9diteur du site pourront \u00eatre d\u00e9pos\u00e9s sur votre terminal, avec votre accord. Dans ce cas, lors de la premi\u00e8re navigation sur ce site, une banni\u00e8re explicative sur l\u2019utilisation des \u00ab cookies \u00bb appara\u00eetra. Avant de poursuivre la navigation, vous aurez la possibilit\u00e9 d\u2019accepter ou de refuser l\u2019utilisation desdits \u00ab cookies \u00bb. Le consentement donn\u00e9 sera valable pour une p\u00e9riode de treize (13) mois.<\/p>\n<p>L&rsquo;utilisateur a la possibilit\u00e9 de d\u00e9sactiver les cookies \u00e0 tout moment.<\/p>\n<p>L\u2019AISPJA utilise Google Analytics afin de comprendre l\u2019utilisation de son site internet par ses visiteurs.<\/p>\n<p>Pour en savoir plus, sur l\u2019utilisation de Google Analytics et sur la mani\u00e8re dont les donn\u00e9es sont collect\u00e9es et trait\u00e9es. <a href=\"https:\/\/policies.google.com\/privacy?hl=fr\">cliquez ici<\/a><\/p>\n<p>Vous pouvez \u00e9galement supprimer ou d\u00e9sactiver les cookies. Il est \u00e0 noter que si votre navigateur est configur\u00e9 de mani\u00e8re \u00e0 refuser tous les cookies, votre navigation sur le site de la mission locale d\u2019Aubervilliers en sera alt\u00e9r\u00e9e. Pour en savoir plus sur le blocage ou la suppression des cookies, vous pouvez consulter les liens suivants (selon votre navigateur) :<\/p>\n<p><b>Firefox :<\/b><br \/><a href=\"https:\/\/support.mozilla.org\/fr\/kb\/activer-desactiver-cookies-preferences?redirectlocale=fr&amp;redirect%20slug=activer-desactiver-cookies\">https:\/\/support.mozilla.org\/fr\/kb\/activer-desactiver-cookies-preferences?redirectlocale=fr&amp;redirect<\/a><br \/><a href=\"https:\/\/support.mozilla.org\/fr\/kb\/activer-desactiver-cookies-preferences?redirectlocale=fr&amp;redirect%20slug=activer-desactiver-cookies\">slug=activer-desactiver-cookies<\/a><\/p>\n<p><b>Chrome :<\/b><br \/><a href=\"https:\/\/support.google.com\/chrome\/answer\/95647?hl=fr\">https:\/\/support.google.com\/chrome\/answer\/95647?hl=fr<\/a><\/p>\n<p><b>Explorer :<\/b><br \/><a href=\"https:\/\/support.microsoft.com\/fr-fr\/help\/17442\/windows-internet-explorer-delete-manage-cookies#%20ie=ie-9\">https:\/\/support.microsoft.com\/fr-fr\/help\/17442\/windows-internet-explorer-delete-manage-cookies#<\/a><br \/><a href=\"https:\/\/support.microsoft.com\/fr-fr\/help\/17442\/windows-internet-explorer-delete-manage-cookies#%20ie=ie-9\">ie=ie-9<\/a><\/p>\n<p><b>Safari :<\/b><br \/><a href=\"https:\/\/support.apple.com\/kb\/PH17191?locale=fr_FR&amp;viewlocale=fr_FR\">https:\/\/support.apple.com\/kb\/PH17191?locale=fr_FR&amp;viewlocale=fr_FR<\/a><\/p>\n<p>Si vous n\u2019utilisez aucun des navigateurs cit\u00e9s ci-dessus, vous devrez s\u00e9lectionner l\u2019option \u00ab cookies \u00bb dans la fonction \u00ab Aide \u00bb pour obtenir des informations concernant l\u2019emplacement de votre dossier de cookies.<\/p>\n<h2>Article 9 &#8211; Loi applicable<\/h2>\n<p>Les pr\u00e9sentes conditions d&rsquo;utilisation du site sont r\u00e9gies par la loi fran\u00e7aise et soumises \u00e0 la comp\u00e9tence des tribunaux du si\u00e8ge social de l&rsquo;\u00e9diteur, sous r\u00e9serve d&rsquo;une attribution de comp\u00e9tence sp\u00e9cifique d\u00e9coulant d&rsquo;un texte de loi ou r\u00e9glementaire particulier.<\/p>\n<h2>Article 10 &#8211; Contactez-nous<\/h2>\n<p>Pour toute question, information pr\u00e9sente sur le site, ou concernant le site lui-m\u00eame, vous pouvez laisser un message \u00e0 l&rsquo;adresse suivante :<br \/><a href=\"mailto:communication@missionlocale-aubervilliers.org\">communication@missionlocale-aubervilliers.org<\/a><\/p>\n<p><b>Cr\u00e9dits photos<\/b><br \/>AISPJA \/ \u00a9Photo by La\u00efla\/ Freepik \/ adobestock \/ Flickr<\/p>\n<p>Date de la derni\u00e8re mise \u00e0 jour : 01\/06\/2024.\u00a0<\/p>\n<p>[\/et_pb_text][\/et_pb_column][\/et_pb_row][\/et_pb_section]<\/p>\n","protected":false},"excerpt":{"rendered":"<p>Politique de confidentialit\u00e9 &nbsp; &nbsp; L&rsquo;association AISPJA, soucieuse des droits des individus, notamment au regard des traitements automatis\u00e9s et dans une volont\u00e9 de transparence, a mis en place une politique reprenant l\u2019ensemble de ces traitements, des finalit\u00e9s poursuivies par ces derniers ainsi que des moyens d\u2019actions \u00e0 la disposition des individus afin qu\u2019ils puissent au [&hellip;]<\/p>\n","protected":false},"author":1,"featured_media":0,"parent":0,"menu_order":0,"comment_status":"closed","ping_status":"closed","template":"","meta":{"_et_pb_use_builder":"on","_et_pb_old_content":"","_et_gb_content_width":"","_crosspost_to_1":false,"_crosspost_to_3":false,"_crosspost_to_4":false,"footnotes":""},"class_list":["post-12650","page","type-page","status-publish","hentry"],"yoast_head":"<!-- This site is optimized with the Yoast SEO plugin v25.6 - https:\/\/yoast.com\/wordpress\/plugins\/seo\/ -->\n<title>Politique de Confidentialit\u00e9 - Mission Locale Aubervilliers<\/title>\n<meta name=\"description\" content=\"La politique de confidentialit\u00e9 de la AISPJA vous informe comment nous collectons les donn\u00e9es sur le site et comment exercer vos droits.\" \/>\n<meta name=\"robots\" content=\"index, follow, max-snippet:-1, max-image-preview:large, max-video-preview:-1\" \/>\n<link rel=\"canonical\" href=\"https:\/\/aispja.com\/aubervilliers\/politique-de-confidentialite\/\" \/>\n<meta property=\"og:locale\" content=\"fr_FR\" \/>\n<meta property=\"og:type\" content=\"article\" \/>\n<meta property=\"og:title\" content=\"Politique de Confidentialit\u00e9 - Mission Locale Aubervilliers\" \/>\n<meta property=\"og:description\" content=\"La politique de confidentialit\u00e9 de la AISPJA vous informe comment nous collectons les donn\u00e9es sur le site et comment exercer vos droits.\" \/>\n<meta property=\"og:url\" content=\"https:\/\/aispja.com\/aubervilliers\/politique-de-confidentialite\/\" \/>\n<meta property=\"og:site_name\" content=\"Mission Locale Aubervilliers\" \/>\n<meta property=\"article:publisher\" content=\"https:\/\/www.facebook.com\/people\/Mission-Locale-Aubervilliers\/100079225926678\/\" \/>\n<meta property=\"article:modified_time\" content=\"2025-08-20T13:59:13+00:00\" \/>\n<meta name=\"twitter:card\" content=\"summary_large_image\" \/>\n<meta name=\"twitter:site\" content=\"@MLAubervilliers\" \/>\n<meta name=\"twitter:label1\" content=\"Dur\u00e9e de lecture estim\u00e9e\" \/>\n\t<meta name=\"twitter:data1\" content=\"7 minutes\" \/>\n<script type=\"application\/ld+json\" class=\"yoast-schema-graph\">{\"@context\":\"https:\/\/schema.org\",\"@graph\":[{\"@type\":\"WebPage\",\"@id\":\"https:\/\/aispja.com\/aubervilliers\/politique-de-confidentialite\/\",\"url\":\"https:\/\/aispja.com\/aubervilliers\/politique-de-confidentialite\/\",\"name\":\"Politique de Confidentialit\u00e9 - Mission Locale Aubervilliers\",\"isPartOf\":{\"@id\":\"https:\/\/aispja.com\/aubervilliers\/#website\"},\"datePublished\":\"2024-06-10T12:51:39+00:00\",\"dateModified\":\"2025-08-20T13:59:13+00:00\",\"description\":\"La politique de confidentialit\u00e9 de la AISPJA vous informe comment nous collectons les donn\u00e9es sur le site et comment exercer vos droits.\",\"breadcrumb\":{\"@id\":\"https:\/\/aispja.com\/aubervilliers\/politique-de-confidentialite\/#breadcrumb\"},\"inLanguage\":\"fr-FR\",\"potentialAction\":[{\"@type\":\"ReadAction\",\"target\":[\"https:\/\/aispja.com\/aubervilliers\/politique-de-confidentialite\/\"]}]},{\"@type\":\"BreadcrumbList\",\"@id\":\"https:\/\/aispja.com\/aubervilliers\/politique-de-confidentialite\/#breadcrumb\",\"itemListElement\":[{\"@type\":\"ListItem\",\"position\":1,\"name\":\"Accueil\",\"item\":\"https:\/\/aispja.com\/aubervilliers\/\"},{\"@type\":\"ListItem\",\"position\":2,\"name\":\"Politique de Confidentialit\u00e9\"}]},{\"@type\":\"WebSite\",\"@id\":\"https:\/\/aispja.com\/aubervilliers\/#website\",\"url\":\"https:\/\/aispja.com\/aubervilliers\/\",\"name\":\"Mission Locale Aubervilliers\",\"description\":\"\",\"publisher\":{\"@id\":\"https:\/\/aispja.com\/aubervilliers\/#organization\"},\"potentialAction\":[{\"@type\":\"SearchAction\",\"target\":{\"@type\":\"EntryPoint\",\"urlTemplate\":\"https:\/\/aispja.com\/aubervilliers\/?s={search_term_string}\"},\"query-input\":{\"@type\":\"PropertyValueSpecification\",\"valueRequired\":true,\"valueName\":\"search_term_string\"}}],\"inLanguage\":\"fr-FR\"},{\"@type\":\"Organization\",\"@id\":\"https:\/\/aispja.com\/aubervilliers\/#organization\",\"name\":\"Mission Locale Aubervilliers\",\"url\":\"https:\/\/aispja.com\/aubervilliers\/\",\"logo\":{\"@type\":\"ImageObject\",\"inLanguage\":\"fr-FR\",\"@id\":\"https:\/\/aispja.com\/aubervilliers\/#\/schema\/logo\/image\/\",\"url\":\"https:\/\/aispja.com\/aubervilliers\/wp-content\/uploads\/sites\/2\/2024\/01\/Logo-mission-locale-aubervilliers-transparent.png\",\"contentUrl\":\"https:\/\/aispja.com\/aubervilliers\/wp-content\/uploads\/sites\/2\/2024\/01\/Logo-mission-locale-aubervilliers-transparent.png\",\"width\":332,\"height\":83,\"caption\":\"Mission Locale Aubervilliers\"},\"image\":{\"@id\":\"https:\/\/aispja.com\/aubervilliers\/#\/schema\/logo\/image\/\"},\"sameAs\":[\"https:\/\/www.facebook.com\/people\/Mission-Locale-Aubervilliers\/100079225926678\/\",\"https:\/\/x.com\/MLAubervilliers\",\"https:\/\/www.linkedin.com\/company\/77637960\/admin\/\",\"https:\/\/www.instagram.com\/missionlocaleaubervilliers\/\"]}]}<\/script>\n<!-- \/ Yoast SEO plugin. -->","yoast_head_json":{"title":"Politique de Confidentialit\u00e9 - Mission Locale Aubervilliers","description":"La politique de confidentialit\u00e9 de la AISPJA vous informe comment nous collectons les donn\u00e9es sur le site et comment exercer vos droits.","robots":{"index":"index","follow":"follow","max-snippet":"max-snippet:-1","max-image-preview":"max-image-preview:large","max-video-preview":"max-video-preview:-1"},"canonical":"https:\/\/aispja.com\/aubervilliers\/politique-de-confidentialite\/","og_locale":"fr_FR","og_type":"article","og_title":"Politique de Confidentialit\u00e9 - Mission Locale Aubervilliers","og_description":"La politique de confidentialit\u00e9 de la AISPJA vous informe comment nous collectons les donn\u00e9es sur le site et comment exercer vos droits.","og_url":"https:\/\/aispja.com\/aubervilliers\/politique-de-confidentialite\/","og_site_name":"Mission Locale Aubervilliers","article_publisher":"https:\/\/www.facebook.com\/people\/Mission-Locale-Aubervilliers\/100079225926678\/","article_modified_time":"2025-08-20T13:59:13+00:00","twitter_card":"summary_large_image","twitter_site":"@MLAubervilliers","twitter_misc":{"Dur\u00e9e de lecture estim\u00e9e":"7 minutes"},"schema":{"@context":"https:\/\/schema.org","@graph":[{"@type":"WebPage","@id":"https:\/\/aispja.com\/aubervilliers\/politique-de-confidentialite\/","url":"https:\/\/aispja.com\/aubervilliers\/politique-de-confidentialite\/","name":"Politique de Confidentialit\u00e9 - Mission Locale Aubervilliers","isPartOf":{"@id":"https:\/\/aispja.com\/aubervilliers\/#website"},"datePublished":"2024-06-10T12:51:39+00:00","dateModified":"2025-08-20T13:59:13+00:00","description":"La politique de confidentialit\u00e9 de la AISPJA vous informe comment nous collectons les donn\u00e9es sur le site et comment exercer vos droits.","breadcrumb":{"@id":"https:\/\/aispja.com\/aubervilliers\/politique-de-confidentialite\/#breadcrumb"},"inLanguage":"fr-FR","potentialAction":[{"@type":"ReadAction","target":["https:\/\/aispja.com\/aubervilliers\/politique-de-confidentialite\/"]}]},{"@type":"BreadcrumbList","@id":"https:\/\/aispja.com\/aubervilliers\/politique-de-confidentialite\/#breadcrumb","itemListElement":[{"@type":"ListItem","position":1,"name":"Accueil","item":"https:\/\/aispja.com\/aubervilliers\/"},{"@type":"ListItem","position":2,"name":"Politique de Confidentialit\u00e9"}]},{"@type":"WebSite","@id":"https:\/\/aispja.com\/aubervilliers\/#website","url":"https:\/\/aispja.com\/aubervilliers\/","name":"Mission Locale Aubervilliers","description":"","publisher":{"@id":"https:\/\/aispja.com\/aubervilliers\/#organization"},"potentialAction":[{"@type":"SearchAction","target":{"@type":"EntryPoint","urlTemplate":"https:\/\/aispja.com\/aubervilliers\/?s={search_term_string}"},"query-input":{"@type":"PropertyValueSpecification","valueRequired":true,"valueName":"search_term_string"}}],"inLanguage":"fr-FR"},{"@type":"Organization","@id":"https:\/\/aispja.com\/aubervilliers\/#organization","name":"Mission Locale Aubervilliers","url":"https:\/\/aispja.com\/aubervilliers\/","logo":{"@type":"ImageObject","inLanguage":"fr-FR","@id":"https:\/\/aispja.com\/aubervilliers\/#\/schema\/logo\/image\/","url":"https:\/\/aispja.com\/aubervilliers\/wp-content\/uploads\/sites\/2\/2024\/01\/Logo-mission-locale-aubervilliers-transparent.png","contentUrl":"https:\/\/aispja.com\/aubervilliers\/wp-content\/uploads\/sites\/2\/2024\/01\/Logo-mission-locale-aubervilliers-transparent.png","width":332,"height":83,"caption":"Mission Locale Aubervilliers"},"image":{"@id":"https:\/\/aispja.com\/aubervilliers\/#\/schema\/logo\/image\/"},"sameAs":["https:\/\/www.facebook.com\/people\/Mission-Locale-Aubervilliers\/100079225926678\/","https:\/\/x.com\/MLAubervilliers","https:\/\/www.linkedin.com\/company\/77637960\/admin\/","https:\/\/www.instagram.com\/missionlocaleaubervilliers\/"]}]}},"_links":{"self":[{"href":"https:\/\/aispja.com\/aubervilliers\/wp-json\/wp\/v2\/pages\/12650"}],"collection":[{"href":"https:\/\/aispja.com\/aubervilliers\/wp-json\/wp\/v2\/pages"}],"about":[{"href":"https:\/\/aispja.com\/aubervilliers\/wp-json\/wp\/v2\/types\/page"}],"author":[{"embeddable":true,"href":"https:\/\/aispja.com\/aubervilliers\/wp-json\/wp\/v2\/users\/1"}],"replies":[{"embeddable":true,"href":"https:\/\/aispja.com\/aubervilliers\/wp-json\/wp\/v2\/comments?post=12650"}],"version-history":[{"count":6,"href":"https:\/\/aispja.com\/aubervilliers\/wp-json\/wp\/v2\/pages\/12650\/revisions"}],"predecessor-version":[{"id":13858,"href":"https:\/\/aispja.com\/aubervilliers\/wp-json\/wp\/v2\/pages\/12650\/revisions\/13858"}],"wp:attachment":[{"href":"https:\/\/aispja.com\/aubervilliers\/wp-json\/wp\/v2\/media?parent=12650"}],"curies":[{"name":"wp","href":"https:\/\/api.w.org\/{rel}","templated":true}]}}